{"id":2,"date":"2019-10-16T08:35:10","date_gmt":"2019-10-16T08:35:10","guid":{"rendered":"http:\/\/slaa.hu\/slaa-wp\/?page_id=2"},"modified":"2022-03-03T14:07:22","modified_gmt":"2022-03-03T14:07:22","slug":"meghatarozas","status":"publish","type":"page","link":"http:\/\/slaa.hu\/slaa-wp\/meghatarozas\/","title":{"rendered":"Meghat\u00e1roz\u00e1s"},"content":{"rendered":"\n<p class=\"has-medium-font-size\"><strong>Mi az SLAA?<\/strong><br>Az SLAA olyan f\u00e9rfiak \u00e9s n\u0151k k\u00f6z\u00f6ss\u00e9ge, akik seg\u00edtenek egym\u00e1snak j\u00f3zannak maradni. Seg\u00edts\u00e9get k\u00edn\u00e1lnak b\u00e1rkinek, aki szex-, vagy szerelemf\u00fcgg\u00e9sben szenved, \u00e9s ezen v\u00e1ltoztatni szeretne. Mivel a K\u00f6z\u00f6ss\u00e9g tagjai maguk is mindannyian f\u00fcgg\u0151k, saj\u00e1tos meg\u00e9rt\u00e9st mutatnak egym\u00e1s \u00e9s a betegs\u00e9g ir\u00e1nt. Tudj\u00e1k milyen\u00a0\u00e9rz\u00e9sekkel\u00a0j\u00e1r ez a betegs\u00e9g, \u00e9s megtanult\u00e1k hogyan lehet fel\u00e9p\u00fclni bel\u0151le a K\u00f6z\u00f6ss\u00e9g seg\u00edts\u00e9g\u00e9vel.<br><\/p>\n\n\n\n<p class=\"has-medium-font-size\"><strong>Az SLAA meghat\u00e1roz\u00e1sa<\/strong><br>Az Anonim Szex- \u00e9s Szerelemf\u00fcgg\u0151k egy\u00a0<a href=\"http:\/\/slaa.hu\/slaa-wp\/az-s-l-a-a-12-lepese\/\">12 l\u00e9p\u00e9sen<\/a>\u00a0\u00e9s\u00a0<a href=\"http:\/\/slaa.hu\/slaa-wp\/az-s-l-a-a-12-hagyomanya\/\">12 hagyom\u00e1nyon<\/a>\u00a0alapul\u00f3 k\u00f6z\u00f6ss\u00e9g, ami az Anonim Alkoholist\u00e1k mint\u00e1j\u00e1t k\u00f6veti.<\/p>\n\n\n\n<p class=\"has-medium-font-size\">A tags\u00e1g egyetlen felt\u00e9tele a szex-, vagy szerelmi f\u00fcgg\u00e9s ki\u00e9l\u00e9s\u00e9nek abbahagy\u00e1s\u00e1ra ir\u00e1nyul\u00f3 v\u00e1gy. Az SLAA tagjainak hozz\u00e1j\u00e1rul\u00e1saib\u00f3l tartja fenn mag\u00e1t, \u00e9s nyitott b\u00e1rki sz\u00e1m\u00e1ra, aki \u00fagy \u00e9rzi, hogy sz\u00fcks\u00e9ge van r\u00e1.<\/p>\n\n\n\n<p class=\"has-medium-font-size\">A szex- \u00e9s szerelemi f\u00fcgg\u00e9s rombol\u00f3 k\u00f6vetkezm\u00e9nyeivel val\u00f3 megk\u00fczd\u00e9sben \u00f6t er\u0151forr\u00e1sra t\u00e1maszkodunk:<\/p>\n\n\n\n<p class=\"has-medium-font-size\">1. J\u00f3zans\u00e1g. A sz\u00e1nd\u00e9k, hogy minden nap meg\u00e1lljuk legjellemz\u0151bb f\u00fcgg\u0151 viselked\u00e9s\u00fcnk ki\u00e9l\u00e9s\u00e9t.<\/p>\n\n\n\n<p class=\"has-medium-font-size\">2. Szponzor\u00e1l\u00e1s\/Gy\u0171l\u00e9sek. A k\u00e9pess\u00e9g, hogy t\u00e1mogat\u00e1st k\u00e9rj\u00fcnk a k\u00f6z\u00f6ss\u00e9gt\u0151l.<\/p>\n\n\n\n<p class=\"has-medium-font-size\">3. L\u00e9p\u00e9sek. A 12 l\u00e9p\u00e9ses fel\u00e9p\u00fcl\u00e9si program gyakorl\u00e1sa a szexu\u00e1lis- \u00e9s \u00e9rzelmi j\u00f3zans\u00e1g el\u00e9r\u00e9se \u00e9rdek\u00e9ben.<\/p>\n\n\n\n<p class=\"has-medium-font-size\">4. Szolg\u00e1lat. Mindazt visszaadjuk a k\u00f6z\u00f6ss\u00e9gnek, amit ingyen kapunk t\u0151le.<\/p>\n\n\n\n<p class=\"has-medium-font-size\">5. Spiritualit\u00e1s. Kapcsolatot alak\u00edtunk ki egy n\u00e1lunk hatalmasabb Er\u0151vel, ami ir\u00e1ny\u00edthatja j\u00f3zanod\u00e1sunkat \u00e9s megtarthat minket a fel\u00e9p\u00fcl\u00e9sben.<\/p>\n\n\n\n<p class=\"has-medium-font-size\">K\u00f6z\u00f6ss\u00e9gk\u00e9nt az SLAA nem form\u00e1l v\u00e9lem\u00e9nyt k\u00fcls\u0151 \u00fcgyekben, \u00e9s nem keresi a vit\u00e1t. Az SLAA nem k\u00f6t\u0151dik semmilyen szervezethez, mozgalomhoz vagy \u00fcgyh\u00f6z, legyen\u00a0az\u00a0vall\u00e1sos vagy vil\u00e1gi.<\/p>\n\n\n\n<p class=\"has-medium-font-size\">Egyetlen dolog azonban \u00f6sszek\u00f6t benn\u00fcnket: a tenni&nbsp;akar\u00e1s f\u00fcgg\u0151s\u00e9get&nbsp;okoz\u00f3 szexu\u00e1lis- \u00e9s \u00e9rzelmi viselked\u00e9s\u00fcnkkel kapcsolatban. Megsz\u00e1llott \u00e9s k\u00e9nyszeres viselked\u00e9s\u00fcnknek k\u00f6z\u00f6s nevez\u0151je van, ami f\u00fcggetlen minden szem\u00e9lyes k\u00fcl\u00f6nbs\u00e9gt\u0151l, szexu\u00e1lis vagy nemi vonz\u00f3d\u00e1st\u00f3l.<\/p>\n\n\n\n<p><br><\/p>\n","protected":false},"excerpt":{"rendered":"<p>Mi az SLAA?Az SLAA olyan f\u00e9rfiak \u00e9s n\u0151k k\u00f6z\u00f6ss\u00e9ge, akik seg\u00edtenek egym\u00e1snak j\u00f3zannak maradni. Seg\u00edts\u00e9get k\u00edn\u00e1lnak b\u00e1rkinek, aki szex-, vagy szerelemf\u00fcgg\u00e9sben szenved, \u00e9s ezen v\u00e1ltoztatni szeretne. Mivel a K\u00f6z\u00f6ss\u00e9g tagjai maguk is mindannyian f\u00fcgg\u0151k, saj\u00e1tos meg\u00e9rt\u00e9st mutatnak egym\u00e1s \u00e9s a betegs\u00e9g ir\u00e1nt. Tudj\u00e1k milyen\u00a0\u00e9rz\u00e9sekkel\u00a0j\u00e1r ez a betegs\u00e9g, \u00e9s megtanult\u00e1k hogyan lehet fel\u00e9p\u00fclni bel\u0151le a K\u00f6z\u00f6ss\u00e9g<\/p>\n","protected":false},"author":1,"featured_media":0,"parent":0,"menu_order":0,"comment_status":"closed","ping_status":"open","template":"","meta":[],"_links":{"self":[{"href":"http:\/\/slaa.hu\/slaa-wp\/wp-json\/wp\/v2\/pages\/2"}],"collection":[{"href":"http:\/\/slaa.hu\/slaa-wp\/wp-json\/wp\/v2\/pages"}],"about":[{"href":"http:\/\/slaa.hu\/slaa-wp\/wp-json\/wp\/v2\/types\/page"}],"author":[{"embeddable":true,"href":"http:\/\/slaa.hu\/slaa-wp\/wp-json\/wp\/v2\/users\/1"}],"replies":[{"embeddable":true,"href":"http:\/\/slaa.hu\/slaa-wp\/wp-json\/wp\/v2\/comments?post=2"}],"version-history":[{"count":8,"href":"http:\/\/slaa.hu\/slaa-wp\/wp-json\/wp\/v2\/pages\/2\/revisions"}],"predecessor-version":[{"id":421,"href":"http:\/\/slaa.hu\/slaa-wp\/wp-json\/wp\/v2\/pages\/2\/revisions\/421"}],"wp:attachment":[{"href":"http:\/\/slaa.hu\/slaa-wp\/wp-json\/wp\/v2\/media?parent=2"}],"curies":[{"name":"wp","href":"https:\/\/api.w.org\/{rel}","templated":true}]}}