{"id":34,"date":"2019-10-16T09:05:51","date_gmt":"2019-10-16T09:05:51","guid":{"rendered":"http:\/\/slaa.hu\/slaa-wp\/?page_id=34"},"modified":"2025-06-01T12:36:55","modified_gmt":"2025-06-01T12:36:55","slug":"irodalom","status":"publish","type":"page","link":"http:\/\/slaa.hu\/slaa-wp\/irodalom\/","title":{"rendered":"Irodalom"},"content":{"rendered":"\n<p><a href=\"http:\/\/slaa.hu\/slaa-wp\/meghatarozas\/\">Az SLAA meghat\u00e1roz\u00e1sa<\/a><\/p>\n\n\n\n<p><a href=\"http:\/\/slaa.hu\/slaa-wp\/mi-a-szex-es-szerelmi-fuggoseg\/\">Mi a szex- \u00e9s szerelemi f\u00fcgg\u0151s\u00e9g?<\/a><\/p>\n\n\n\n<p><a href=\"http:\/\/slaa.hu\/slaa-wp\/a-szex-es-szerelemfugges-jellemzoi\/\">A szex-, \u00e9s szerelemf\u00fcgg\u00e9s jellemz\u0151i<\/a><\/p>\n\n\n\n<p><a href=\"http:\/\/slaa.hu\/slaa-wp\/az-s-l-a-a-12-lepese\/\">Az SLAA 12 L\u00e9p\u00e9se \u00e9s az \u00dat a szexu\u00e1lis \u00e9s \u00e9rzelmi j\u00f3zans\u00e1g fel\u00e9 (Anonim szex- \u00e9s szerelemf\u00fcgg\u0151k 4. fejezet)<\/a><\/p>\n\n\n\n<p><a href=\"http:\/\/slaa.hu\/slaa-wp\/az-s-l-a-a-12-hagyomanya\/\">Az SLAA 12 hagyom\u00e1nya<\/a><\/p>\n\n\n\n<p><a href=\"http:\/\/slaa.hu\/slaa-wp\/40-kerdes-az-onvizsgalathoz\/\">40 k\u00e9rd\u00e9s az \u00f6nvizsg\u00e1lathoz<\/a><\/p>\n\n\n\n<p><a href=\"http:\/\/slaa.hu\/A-felepules-jelei.doc\">A fel\u00e9p\u00fcl\u00e9s jelei<\/a><\/p>\n\n\n\n<p>\u00cdg\u00e9retek<\/p>\n\n\n\n<p><a href=\"http:\/\/slaa.hu\/Iranyelvek.doc\">12 aj\u00e1nlott ir\u00e1nyelv a m\u00e9di\u00e1hoz val\u00f3 viszonyul\u00e1shoz<\/a><\/p>\n\n\n\n<p><a href=\"http:\/\/slaa.hu\/slaa-wp\/anonim-szex-es-szerelemfuggok-5-fejezet-a-megvonasi-tapasztalat\/\">A megvon\u00e1si tapasztalat (Anonim szex- \u00e9s szerelemf\u00fcgg\u0151k 5. fejezet)<\/a><\/p>\n\n\n\n<p>Tov\u00e1bbi irodalmak el\u0151k\u00e9sz\u00fcletben!<\/p>\n\n\n\n<p><a href=\"http:\/\/slaa.hu\/slaa-wp\/wp-content\/uploads\/2020\/07\/SLAA_gyulesvezetes-1.pdf\" data-type=\"URL\" data-id=\"http:\/\/slaa.hu\/slaa-wp\/wp-content\/uploads\/2020\/07\/SLAA_gyulesvezetes-1.pdf\">SLAA Gy\u0171l\u00e9slevezet\u0151 sz\u00f6veg<\/a><\/p>\n\n\n\n<p><a href=\"http:\/\/slaa.hu\/slaa-magyar-konyv.pdf\">A fenti anyagok egy let\u00f6lthet\u0151 dokumentumban (pdf)<\/a><\/p>\n\n\n\n<br>\n\n\n\n<p><strong>Pamfletek<\/strong>:<br>004 Kezd\u0151k k\u00e9rd\u00e9sei<br>005 Szponzor\u00e1l\u00e1s: Visszat\u00e9r\u00e9s az elszigetelts\u00e9gb\u0151l<br>008 Elvon\u00e1s: Kapu a szabads\u00e1gba, rem\u00e9nybe \u00e9s \u00f6r\u00f6mbe<br>009 Isten hozott<br>016 A j\u00f3zans\u00e1g meg\u00faj\u00edt\u00e1sa (Munkalap a megcs\u00fasz\u00f3 SLAA tagoknak, vagy azoknak, akik k\u00fcszk\u00f6dnek az als\u00f3 hat\u00e1rvonalaik betart\u00e1s\u00e1val)<br>017 Az als\u00f3 hat\u00e1rvonalak be\u00e1ll\u00edt\u00e1sa (Pamflet munkalapokkal)<br>018 Romantikus megsz\u00e1llotts\u00e1g<br>019 A fejl\u0151d\u00e9s m\u00e9r\u00e9se<\/p>\n\n\n\n<p><strong>Tematikus kisk\u00f6nyvek<\/strong>:<br>001 \u00c9rz\u00e9keny pontjaink, mint er\u0151forr\u00e1sok (Triggerek) &#8211; A gy\u0171l\u00e9seken \u00e9s azokon t\u00fal<br>002 Anorexia 1-2-3: Dolgozzunk a programon \u00e9s ne a probl\u00e9m\u00e1n<\/p>\n\n\n\n<p><strong>Kisk\u00f6nyv<\/strong>:<br>003-01 Cikkek az \u00dajs\u00e1gb\u00f3l: Anorexia f\u00f3kusz\u00fa t\u00f6rt\u00e9netek<br>003-03 Cikkek az \u00dajs\u00e1gb\u00f3l: Eg\u00e9szs\u00e9ges kapcsolatok f\u00f3kusz\u00fa t\u00f6rt\u00e9netek<\/p>\n\n\n\n<p class=\"has-small-font-size\"><strong>Hol tudod beszerezni az irodalmakat?<br><\/strong>\u00c9rdekl\u0151dj b\u00e1rmelyik \u00e9l\u0151 SLAA gy\u0171l\u00e9sen&nbsp;(<a href=\"http:\/\/slaa.hu\/slaa-wp\/gyulesek\/\">SLAA gy\u0171l\u00e9sek list\u00e1ja<\/a>) vagy a csoportok kapcsolattart\u00f3in\u00e1l, hogy az irodalmak hogyan szerezhet\u0151k be.&nbsp;Ha nincs lehet\u0151s\u00e9ged szem\u00e9lyesen megjelenni egy \u00e9l\u0151 gy\u0171l\u00e9sen, k\u00e9rd a t\u00e1rsak seg\u00edts\u00e9g\u00e9t a beszerz\u00e9sben!<\/p>\n\n\n\n<p class=\"has-small-font-size\">Angol nyelv\u0171 irodalmak rendelhet\u0151ek az <a href=\"https:\/\/store.slaafws.org\/\" data-type=\"URL\" data-id=\"https:\/\/store.slaafws.org\/\">S.L.A.A. Online Store<\/a>-b\u00f3l.<br><\/p>\n","protected":false},"excerpt":{"rendered":"<p>Az SLAA meghat\u00e1roz\u00e1sa Mi a szex- \u00e9s szerelemi f\u00fcgg\u0151s\u00e9g? A szex-, \u00e9s szerelemf\u00fcgg\u00e9s jellemz\u0151i Az SLAA 12 L\u00e9p\u00e9se \u00e9s az \u00dat a szexu\u00e1lis \u00e9s \u00e9rzelmi j\u00f3zans\u00e1g fel\u00e9 (Anonim szex- \u00e9s szerelemf\u00fcgg\u0151k 4. fejezet) Az SLAA 12 hagyom\u00e1nya 40 k\u00e9rd\u00e9s az \u00f6nvizsg\u00e1lathoz A fel\u00e9p\u00fcl\u00e9s jelei \u00cdg\u00e9retek 12 aj\u00e1nlott ir\u00e1nyelv a m\u00e9di\u00e1hoz val\u00f3 viszonyul\u00e1shoz A megvon\u00e1si tapasztalat<\/p>\n","protected":false},"author":1,"featured_media":0,"parent":0,"menu_order":0,"comment_status":"closed","ping_status":"closed","template":"","meta":[],"_links":{"self":[{"href":"http:\/\/slaa.hu\/slaa-wp\/wp-json\/wp\/v2\/pages\/34"}],"collection":[{"href":"http:\/\/slaa.hu\/slaa-wp\/wp-json\/wp\/v2\/pages"}],"about":[{"href":"http:\/\/slaa.hu\/slaa-wp\/wp-json\/wp\/v2\/types\/page"}],"author":[{"embeddable":true,"href":"http:\/\/slaa.hu\/slaa-wp\/wp-json\/wp\/v2\/users\/1"}],"replies":[{"embeddable":true,"href":"http:\/\/slaa.hu\/slaa-wp\/wp-json\/wp\/v2\/comments?post=34"}],"version-history":[{"count":21,"href":"http:\/\/slaa.hu\/slaa-wp\/wp-json\/wp\/v2\/pages\/34\/revisions"}],"predecessor-version":[{"id":611,"href":"http:\/\/slaa.hu\/slaa-wp\/wp-json\/wp\/v2\/pages\/34\/revisions\/611"}],"wp:attachment":[{"href":"http:\/\/slaa.hu\/slaa-wp\/wp-json\/wp\/v2\/media?parent=34"}],"curies":[{"name":"wp","href":"https:\/\/api.w.org\/{rel}","templated":true}]}}