{"id":36,"date":"2019-10-16T09:06:21","date_gmt":"2019-10-16T09:06:21","guid":{"rendered":"http:\/\/slaa.hu\/slaa-wp\/?page_id=36"},"modified":"2026-03-03T11:24:23","modified_gmt":"2026-03-03T11:24:23","slug":"gyulesek","status":"publish","type":"page","link":"http:\/\/slaa.hu\/slaa-wp\/gyulesek\/","title":{"rendered":"Gy\u0171l\u00e9sek"},"content":{"rendered":"\n<h2 class=\"wp-block-heading\">Orsz\u00e1gos kapcsolattart\u00f3:<\/h2>\n\n\n\n<p>Anna: +36202378041<\/p>\n\n\n\n<h3 class=\"wp-block-heading\">SLAA gy\u0171l\u00e9s Budapest &#8211; Kaniziusz csoport<\/h3>\n\n\n\n<p><\/p>\n\n\n\n<p>C\u00edm: 1135 Budapest, Szent L\u00e1szl\u00f3 \u00fat 55b. F\u00fcgg\u0151kert<br>H\u00e1tul, a kisteremben.<\/p>\n\n\n\n\n\n<p><strong>Id\u0151pont: minden kedden 18:00 &#8211; 19:00<\/strong><\/p>\n\n\n\n<div class=\"wp-block-group is-layout-flow\"><div class=\"wp-block-group__inner-container\"><\/div><\/div>\n\n\n\n<p>A gy\u0171l\u00e9seken r\u00e9szt vehet b\u00e1rki \u00e9rintett. K\u00fcls\u0151 \u00e9rdekl\u0151d\u0151k sz\u00e1m\u00e1ra nyitott minden negyed\u00e9v m\u00e1sodik h\u00f3napj\u00e1nak (febru\u00e1r, m\u00e1jus, augusztus, november) utols\u00f3 gy\u0171l\u00e9se.&nbsp; Ezen k\u00edv\u00fcl b\u00e1rmelyik gy\u0171l\u00e9s nyitott lehet el\u0151zetes egyeztet\u00e9s alapj\u00e1n. <br>Kapcsolattart\u00f3: Gergely, greginrecovery kukac gmail pont com , +36 20 474 8878, Anna: +36 20 237 8041&nbsp;<br><\/p>\n\n\n\n<hr>\n\n\n\n<h3 class=\"wp-block-heading\">SLAA gy\u0171l\u00e9s Budapest &#8211; Gyertyal\u00e1ng csoport <\/h3>\n\n\n\n<p><\/p>\n\n\n\n<p>C\u00edm: 1135 Budapest, Szent L\u00e1szl\u00f3 \u00fat 55b. F\u00fcgg\u0151kert<br>Nagyterem<\/p>\n\n\n\n\n\n<p><strong>Id\u0151pont: minden cs\u00fct\u00f6rt\u00f6k\u00f6n 18:00 &#8211; 19:00<\/strong><\/p>\n\n\n\n<div class=\"wp-block-group is-layout-flow\"><div class=\"wp-block-group__inner-container\"><\/div><\/div>\n\n\n\n<p>A gy\u0171l\u00e9seken r\u00e9szt vehet b\u00e1rki \u00e9rintett. K\u00fcls\u0151 \u00e9rdekl\u0151d\u0151k sz\u00e1m\u00e1ra nyitott a janu\u00e1ri, az \u00e1prilisi, a j\u00faliusi \u00e9s az okt\u00f3beri utols\u00f3 gy\u0171l\u00e9s.&nbsp;<br><\/p>\n\n\n\n<hr>\n\n\n\n<h3 class=\"wp-block-heading\">SLAA gy\u0171l\u00e9s Budapest &#8211; Odatartoz\u00e1s csoport<\/h3>\n\n\n\n<p>C\u00edm: 1134 Budapest D\u00f3zsa Gy\u00f6rgy \u00fat 150-152. BMSZKI N\u00e9psz\u00e1ll\u00f3<\/p>\n\n\n\n<p><a href=\"https:\/\/maps.app.goo.gl\/KSPJaDuX56zNoPDb6\" data-type=\"URL\" data-id=\"https:\/\/maps.app.goo.gl\/KSPJaDuX56zNoPDb6\" target=\"_blank\" rel=\"noreferrer noopener\">T\u00e9rk\u00e9p<\/a><\/p>\n\n\n\n<p><strong>Id\u0151pont: minden p\u00e9nteken 18:00 \u2013 19:00<\/strong><\/p>\n\n\n\n<p>A f\u0151\u00e9p\u00fcletben jobbra indulva kell lemenni a l\u00e9pcs\u0151n, majd az els\u0151 ajt\u00f3n balra kil\u00e9pni a kertbe, onnan ny\u00edlik a gy\u0171l\u00e9s term\u00e9nek ajtaja. A port\u00e1s seg\u00edt eligazodni, ha jelezz\u00fck, hogy gy\u0171l\u00e9sre j\u00f6tt\u00fcnk.<\/p>\n\n\n\n<p>A gy\u0171l\u00e9seken r\u00e9szt vehet b\u00e1rki \u00e9rintett. <br>Minden harmadik h\u00f3nap (m\u00e1rcius, j\u00falius, szeptember, december) harmadik het\u00e9ben nyitott gy\u0171l\u00e9s van, amire k\u00fcls\u0151 \u00e9rdekl\u0151d\u0151ket is v\u00e1runk szeretettel.<\/p>\n\n\n\n<p>Kapcsolattart\u00f3: Attila &#8211; mail: saynos@gmail.com<\/p>\n\n\n\n<hr>\n\n\n\n<h3 class=\"wp-block-heading\">SLAA gy\u0171l\u00e9s Budapest &#8211; Szombati csoport<\/h3>\n\n\n\n<p><\/p>\n\n\n\n<p>C\u00edm: 1016 Budapest, Csap utca 2. (Magyar M\u00e1ltai Szeretetszolg\u00e1lat Fogad\u00f3 Pszichoszoci\u00e1lis Szolg\u00e1lat)<\/p>\n\n\n\n<p><a href=\"https:\/\/www.google.hu\/maps\/place\/Budapest,+Csap+u.+2,+1016\/\" target=\"_blank\" rel=\"noreferrer noopener\">T\u00e9rk\u00e9p<\/a><\/p>\n\n\n\n<p><strong>Id\u0151pont: minden szombaton 13:30 &#8211; 14:30<\/strong><\/p>\n\n\n\n<p>A gy\u0171l\u00e9seken r\u00e9szt vehet b\u00e1rki \u00e9rintett. K\u00fcls\u0151 \u00e9rdekl\u0151d\u0151k sz\u00e1m\u00e1ra nyitott minden negyed\u00e9v utols\u00f3 gy\u0171l\u00e9se.<\/p>\n\n\n\n<p><\/p>\n\n\n\n<hr>\n\n\n\n<p><\/p>\n\n\n\n<h3 class=\"wp-block-heading\">SLAA n\u0151i gy\u0171l\u00e9s &#8211; Budapest<\/h3>\n\n\n\n<p><\/p>\n\n\n\n<p><\/p>\n\n\n\n\n\n<p class=\"has-black-color has-text-color\">C\u00edm: 1083 Budapest, Szigony u. 13a, <br>Leonardo da Vinci k\u00f6z, Harm\u00f3nia Klub<\/p>\n\n\n\n<p><a href=\"https:\/\/www.google.hu\/maps\/place\/Budapest,+Szigony+u.+13a,+1083\/@47.4873636,19.0784958,153m\" target=\"_blank\" rel=\"noreferrer noopener\">T\u00e9rk\u00e9p<\/a><\/p>\n\n\n\n<p>Id\u0151pont: minden h\u00e9ten szerd\u00e1n 18:00 &#8211; 19:00<\/p>\n\n\n\n<p class=\"has-vivid-red-color has-text-color\"><strong>A GY\u0170L\u00c9S IDEIGLENESEN SZ\u00dcNETEL!<\/strong><\/p>\n\n\n\n\n\n<h3 class=\"wp-block-heading\">Kecskem\u00e9ti gy\u0171l\u00e9s &#8211; &#8222;\u0150szinte elfogad\u00e1s &#8211; Szabadul\u00e1s&#8221; csoport<\/h3>\n\n\n\n\n\n<p>C\u00edm: 6000 Kecskem\u00e9t, Fecske \u00fat 20. <\/p>\n\n\n\n<p><a href=\"https:\/\/maps.app.goo.gl\/N5QPV7jSGiFDoVgt7\" target=\"_blank\" rel=\"noreferrer noopener\">T\u00e9rk\u00e9p<\/a><\/p>\n\n\n\n<p><strong>Id\u0151pont:<\/strong> <strong>szombat 11:00-12:00<\/strong><\/p>\n\n\n\n<p>Kapcsolattart\u00f3 tel.: 06701717808<strong><br><\/strong><\/p>\n\n\n\n<hr>\n\n\n\n<h3 class=\"wp-block-heading\">Debreceni gy\u0171l\u00e9s<\/h3>\n\n\n\n<p><\/p>\n\n\n\n\n\n<p>C\u00edm: Szent L\u00e1szl\u00f3 Pl\u00e9b\u00e1nia, 4027 Debrecen, F\u00fcredi \u00fat 6. <\/p>\n\n\n\n<p><a href=\"https:\/\/maps.app.goo.gl\/EBbjioknJbDeEGpR7\" data-type=\"URL\" data-id=\"https:\/\/maps.app.goo.gl\/EBbjioknJbDeEGpR7\" target=\"_blank\" rel=\"noreferrer noopener\">T\u00e9rk\u00e9p<\/a><\/p>\n\n\n\n<p><strong>Id\u0151pont:<\/strong> <strong>cs\u00fct\u00f6rt\u00f6k 19:30-20:30<\/strong><\/p>\n\n\n\n<p>Kapcsolattart\u00f3 tel.: J\u00e1nos +36305588849<\/p>\n\n\n\n<div class=\"wp-block-group is-layout-flow\"><div class=\"wp-block-group__inner-container\">\n<hr>\n<\/div><\/div>\n\n\n\n<h3 class=\"wp-block-heading\">P\u00e9csi gy\u0171l\u00e9sek<\/h3>\n\n\n\n<p>C\u00edm: Belv\u00e1rosi Reform\u00e1tus Templom, 7623 P\u00e9cs, Szabads\u00e1g \u00fat 35.<\/p>\n\n\n\n<p><a href=\"https:\/\/www.google.hu\/maps\/place\/P%C3%A9cs,+Szabads%C3%A1g+u.+35,+7623\/@46.068149,18.2249754,19z\" target=\"_blank\" rel=\"noreferrer noopener\">T\u00e9rk\u00e9p<\/a><\/p>\n\n\n\n<p><strong>Id\u0151pont: minden kedden \u00e9s p\u00e9nteken 18.00-19.00<\/strong><br><\/p>\n\n\n\n<hr>\n\n\n\n\n\n<p><\/p>\n\n\n\n<h3 class=\"wp-block-heading\">F\u00e9rfi SLAA gy\u0171l\u00e9s &#8211; P\u00e9cs<\/h3>\n\n\n\n<p><\/p>\n\n\n\n<p>C\u00edm: Belv\u00e1rosi Reform\u00e1tus Templom, 7623 P\u00e9cs, Szabads\u00e1g \u00fat 35.<\/p>\n\n\n\n<p><strong>Id\u0151pont: minden h\u00f3nap&nbsp;<strong>m\u00e1sodik cs\u00fct\u00f6rt\u00f6k\u00e9n, 18:00-19:00 \u00e9s<\/strong><\/strong><\/p>\n\n\n\n<p>               <strong>minden h\u00f3nap utols\u00f3 szombatj\u00e1n,&nbsp;<strong>14<\/strong><\/strong>:<strong>00-15:00<\/strong><\/p>\n\n\n\n<p>Tematikus gy\u0171l\u00e9s. A gy\u0171l\u00e9seken r\u00e9szt vehet b\u00e1rki (f\u00e9rfi) \u00e9rintett. <\/p>\n\n\n\n<hr>\n\n\n\n<p><\/p>\n\n\n\n<h3 class=\"wp-block-heading\">N\u0151i SLAA gy\u0171l\u00e9s &#8211; P\u00e9cs<\/h3>\n\n\n\n<p><\/p>\n\n\n\n<p>C\u00edm: LIONS H\u00e1z, 7623 P\u00e9cs, M\u00e1rt\u00edrok \u00fatja 7-9. (emele)<\/p>\n\n\n\n<p><a href=\"https:\/\/www.google.hu\/maps\/place\/LIONS+H%C3%A1z\/@46.06736,18.2216141,642m\/data=!3m2!1e3!4b1!4m6!3m5!1s0x4742b178b4e60d5b:0x7745273be967d183!8m2!3d46.06736!4d18.224189!16s%2Fg%2F11mv0l2cqj?entry=ttu&amp;g_ep=EgoyMDI1MDQwMi4xIKXMDSoJLDEwMjExNjM5SAFQAw%3D%3D\" target=\"_blank\" rel=\"noreferrer noopener\">T\u00e9rk\u00e9p<\/a><\/p>\n\n\n\n<p><strong>Id\u0151pont: minden p\u00e1ros h\u00e9t vas\u00e1rnap 17.30-18.30<\/strong><\/p>\n\n\n\n<hr>\n\n\n\n<p><\/p>\n\n\n\n<h3 class=\"wp-block-heading\">Nagykanizsai gy\u0171l\u00e9s<\/h3>\n\n\n\n<p><\/p>\n\n\n\n<p>C\u00edm: 8800 Nagykanizsa, Sug\u00e1r \u00fat 53. (M\u00e1ltai Szeretetszolg\u00e1lat)<\/p>\n\n\n\n<p><strong>Id\u0151pont: minden p\u00e9nteken 18.00-19.00<\/strong><\/p>\n\n\n\n<p>Kapcsolattart\u00f3: Laci +36 20 807 5610<\/p>\n\n\n\n<hr>\n\n\n\n<p><\/p>\n\n\n\n<h3 class=\"wp-block-heading\">Veszpr\u00e9mi gy\u0171l\u00e9s<\/h3>\n\n\n\n<p><\/p>\n\n\n\n<p>C\u00edm: 8200 Veszpr\u00e9m, Alm\u00e1di \u00fat 7\/b.<br>Levendula \u00fczleth\u00e1z C \u00e9p\u00fclet 2. Emelet 1. Ajt\u00f3.<\/p>\n\n\n\n<p>Kapcsolat:&nbsp;Andr\u00e1s +3630 8893304, <a rel=\"noreferrer noopener\" href=\"mailto:slaaveszprem@gmail.com\" target=\"_blank\">slaaveszprem@gmail.com<\/a><\/p>\n\n\n\n<p class=\"has-normal-font-size\">Id\u0151pont :  <strong>minden szerd\u00e1n 19.00-20:00 <\/strong><\/p>\n\n\n\n<p><a href=\"https:\/\/goo.gl\/maps\/ip14hAeatjuv9h2X7\" target=\"_blank\" rel=\"noreferrer noopener\">T\u00e9rk\u00e9p<\/a><\/p>\n\n\n\n<p class=\"has-normal-font-size\">K\u00fcls\u0151 \u00e9rdekl\u0151d\u0151k sz\u00e1m\u00e1ra nyitott minden h\u00f3nap els\u0151 gy\u0171l\u00e9se. <\/p>\n\n\n\n<hr>\n\n\n\n<p><\/p>\n\n\n\n<h3 class=\"wp-block-heading\">Teams gy\u0171l\u00e9sek<\/h3>\n\n\n\n<style type=\"text\/css\">\n.tg  {border-collapse:collapse;border-spacing:0;}\n.tg td{border-color:black;border-style:solid;border-width:1px;font-family:Arial, sans-serif;font-size:14px;\n  overflow:hidden;padding:10px 5px;word-break:normal;}\n.tg th{border-color:black;border-style:solid;border-width:1px;font-family:Arial, sans-serif;font-size:14px;\n  font-weight:normal;overflow:hidden;padding:10px 5px;word-break:normal;}\n.tg .tg-baqh{text-align:center;vertical-align:top}\n.tg .tg-f8tx{color:#000000;text-align:center;vertical-align:top}\n.tg .tg-vx8t{background-color:#40285a;color:#ffffff;font-size:16px;font-weight:bold;text-align:center;vertical-align:top}\n.tg .tg-qf3u{background-color:#40285a;color:#40285a;text-align:center;vertical-align:top}\n<\/style><table class=\"tg\" style=\"undefined;table-layout: fixed; width: 100%;\"><colgroup> <col style=\"width: 14%;\"> <col style=\"width: 14%;\"> <col style=\"width: 14%;\"> <col style=\"width: 14%;\"> <col style=\"width: 14%;\"> <col style=\"width: 14%;\"> <col style=\"width: 14%;\"> <\/colgroup>\n<thead>\n<tr>\n<th class=\"tg-vx8t\">H\u00e9tf\u0151<\/th>\n<th class=\"tg-vx8t\">Kedd<\/th>\n<th class=\"tg-vx8t\">Szerda<\/th>\n<th class=\"tg-vx8t\">Cs\u00fct\u00f6rt\u00f6k<\/th>\n<th class=\"tg-vx8t\">P\u00e9ntek<\/th>\n<th class=\"tg-vx8t\">Szombat<\/th>\n<th class=\"tg-vx8t\">Vas\u00e1rnap<\/th>\n<\/tr>\n<\/thead>\n<tbody>\n<tr>\n<td class=\"tg-f8tx\"><span style=\"font-weight: bold; color: #000;\">Teams gy\u0171l\u00e9s<\/span><br><span style=\"color: #cb0000;\">(Seg\u00edts\u00fck Egym\u00e1st SLAA Csoport)<\/span><br><span style=\"color: #000;\">20:00 &#8211; 21:15<\/span><\/td>\n<td class=\"tg-f8tx\">\n<td class=\"tg-f8tx\"><span style=\"font-weight: bold;\">Teams gy\u0171l\u00e9s<\/span><br>20:00 &#8211; 21:00<\/td>\n<td class=\"tg-f8tx\"><span style=\"font-weight: bold;\">Teams gy\u0171l\u00e9s<\/span><br>20:00 &#8211; 21:00<\/td>\n<td class=\"tg-f8tx\"><span style=\"font-weight: bold; color: #000;\">N\u0151i Teams<\/span><br><span style=\"color: #cb0000;\">(n\u0151i t\u00e1rsaknak)<\/span><br><span style=\"color: #000;\">20:00 &#8211; 21:00<\/span><\/td>\n<td class=\"tg-f8tx\"><span style=\"font-weight: bold; color: #000;\">Teams gy\u0171l\u00e9s<\/span><br>20:00 &#8211; 21:00<\/td>\n<td class=\"tg-f8tx\"><span style=\"font-weight: bold; color: #000;\">F\u00e9rfi Teams<\/span><br><span style=\"color: #cb0000;\">(f\u00e9rfi t\u00e1rsaknak)<\/span><br>08:00 &#8211; 09:00<\/td>\n<\/tr>\n<tr>\n<td><span style=\"font-weight: bold;\">&nbsp;<\/span><\/td>\n<td><\/td>\n<td><span style=\"font-weight: bold;\">&nbsp;<\/span><\/td>\n<td><span style=\"font-weight: bold;\">&nbsp;<\/span><\/td>\n<td><span style=\"font-weight: bold; color: #000;\">&nbsp;<\/span><\/td>\n<td><span style=\"font-weight: bold; color: #000;\">&nbsp;<\/span><\/td>\n<td><span style=\"font-weight: bold; color: #000;\">Teams gy\u0171l\u00e9s<br><\/span><span style=\"color: #000000;\"> koeduk\u00e1lt<br><span>20:00 &#8211; 21:00<\/span><\/span><span style=\"font-weight: bold; color: #000;\"><br><\/span><\/td>\n<\/tr>\n<\/tbody>\n<\/table>\n\n\n\n<p style=\"display: none;\"><strong>Id\u0151pont: minden h\u00e9tf\u0151n, szerd\u00e1n, cs\u00fct\u00f6rt\u00f6k\u00f6n \u00e9s szombaton 20:00 &#8211; 21:00<\/strong><\/p>\n\n\n\n<p>Amennyiben szeretn\u00e9l r\u00e9szt venni a Teams gy\u0171l\u00e9seken, k\u00e9rj\u00fck, keress r\u00e1 a <em>info@slaa.hu<\/em> Teams fi\u00f3k c\u00edmre vagy a <em>magyarslaa2014<\/em> Teams felhaszn\u00e1l\u00f3 n\u00e9vre, \u00e9s k\u00fcldj egy kapcsolatfelv\u00e9teli \u00fczenetet. Amennyiben valamilyen okn\u00e1l fogva nem siker\u00fcl megtal\u00e1lnod a fi\u00f3kot, k\u00e9rj\u00fck, k\u00fcldj egy emailt az <em>info@slaa.hu-ra<\/em>.<\/p>\n\n\n\n<p>Javasoljuk, hogy a Teams gy\u0171l\u00e9seken val\u00f3 r\u00e9szv\u00e9telhez hozz l\u00e9tre egy olyan Teams azonos\u00edt\u00f3t, ami biztos\u00edtja a n\u00e9vtelens\u00e9gedet. A gy\u0171l\u00e9s kapusa vissza fog igazolni, majd be fog h\u00edvni az online gy\u0171l\u00e9sre, ha az adott gy\u0171l\u00e9s el\u0151tt 10-15 perccel jelzed r\u00e9szv\u00e9teli sz\u00e1nd\u00e9kodat. A gy\u0171l\u00e9sek alatt a kamer\u00e1j\u00e1t mindenki kikapcsolva tartja.<br><\/p>\n\n\n\n<p><\/p>\n\n\n\n<p style=\"font-size:30px\"><strong>Vas\u00e1rnap esti f\u00e9nyek SLAA csoport<\/strong><\/p>\n\n\n\n<p style=\"font-size:16px\"><strong>Id\u0151pont: minden vas\u00e1rnap, (este) 20:00-21:00<\/strong><\/p>\n\n\n\n<p>Minden 3. h\u00e9t &#8222;aktualit\u00e1sok gy\u0171l\u00e9s&#8221;.<\/p>\n\n\n\n<p>Kapcsolattart\u00f3: G\u00e1bor +3670 2623009<\/p>\n\n\n\n<p>email: lelkecskegida@gmail.com<\/p>\n\n\n\n<p style=\"font-size:30px\"><\/p>\n\n\n\n<p style=\"font-size:30px\"><strong>Seg\u00edts\u00fck egym\u00e1st SLAA csoport<\/strong><\/p>\n\n\n\n<p><strong>Id\u0151pont: minden h\u00e9tf\u0151, (este) 20:00-21:15<\/strong> <\/p>\n\n\n\n<p>Gy\u0171l\u00e9s\u00fcnk\u00f6n lehet\u0151s\u00e9g van kamera bekapcsol\u00e1s\u00e1ra.<\/p>\n\n\n\n<p><\/p>\n\n\n\n<p><\/p>\n\n\n\n<h3 class=\"wp-block-heading\">Teams f\u00e9rfi gy\u0171l\u00e9s (z\u00e1rt)<\/h3>\n\n\n\n<p><strong>Id\u0151pont: minden vas\u00e1rnap, (reggel) 8:00-9:00<\/strong><\/p>\n\n\n\n<p>Kapcsolatfelv\u00e9tel: K\u00fcldj egy <em>magyarslaa2014<\/em> Teams felhaszn\u00e1l\u00f3 n\u00e9vre. A gy\u0171l\u00e9s kapusa vissza fog igazolni, majd be fog h\u00edvni az online gy\u0171l\u00e9sre, ha az adott gy\u0171l\u00e9s el\u0151tt 5-10 perccel jelzed r\u00e9szv\u00e9teli sz\u00e1nd\u00e9kodat.<\/p>\n\n\n\n<p>A mindenkori kapus figyeli a k\u00e9s\u0151bb csatlakozni k\u00edv\u00e1n\u00f3kat, \u00edgy akinek a kor\u00e1bbi kezd\u00e9s gondot okoz, az is nyugodtan \u00edrhat a kapusnak a gy\u0171l\u00e9s ideje alatt \u00fczenetet (\u00e1m ilyen esetben egy kis t\u00fcrelmet k\u00e9r\u00fcnk, mert ha a kapus felolvas vagy megoszt, elk\u00e9pzelhet\u0151, hogy p\u00e1r percet v\u00e1rni kell a beh\u00edv\u00e1sra).<\/p>\n\n\n\n<p>Minden h\u00f3napban a fel\u00e9p\u00fcl\u00e9st szolg\u00e1l\u00f3 12 l\u00e9p\u00e9ssel \u00e9s egy\u00e9b a fel\u00e9p\u00fcl\u00e9ssel kapcsolatos t\u00e9m\u00e1kkal foglalkozunk! A l\u00e9p\u00e9s- \u00e9s t\u00e9magy\u0171l\u00e9sek hetente v\u00e1ltj\u00e1k egym\u00e1st.<br><\/p>\n\n\n\n<h3 class=\"wp-block-heading\">Teams n\u0151i gy\u0171l\u00e9s<\/h3>\n\n\n\n<p class=\"has-black-color has-text-color\"><strong>Id\u0151pont: minden p\u00e9nteken 20:00 &#8211; 21:00<\/strong> <\/p>\n\n\n\n<p>A kapcsolatfelv\u00e9teli inform\u00e1ci\u00f3k ugyanazok, mint fentebb, ezen gy\u0171l\u00e9sn\u00e9l is a magyarslaa2014 Teams felhaszn\u00e1l\u00f3t kell keresni.<\/p>\n\n\n\n<p>Minden h\u00f3nap utols\u00f3 p\u00e9ntek\u00e9n anorexia gy\u0171l\u00e9s!<\/p>\n\n\n\n<p>Friss\u00edtve: 2026.02.14.. <\/p>\n","protected":false},"excerpt":{"rendered":"<p>Orsz\u00e1gos kapcsolattart\u00f3: Anna: +36202378041 SLAA gy\u0171l\u00e9s Budapest &#8211; Kaniziusz csoport C\u00edm: 1135 Budapest, Szent L\u00e1szl\u00f3 \u00fat 55b. F\u00fcgg\u0151kertH\u00e1tul, a kisteremben. Id\u0151pont: minden kedden 18:00 &#8211; 19:00 A gy\u0171l\u00e9seken r\u00e9szt vehet b\u00e1rki \u00e9rintett. K\u00fcls\u0151 \u00e9rdekl\u0151d\u0151k sz\u00e1m\u00e1ra nyitott minden negyed\u00e9v m\u00e1sodik h\u00f3napj\u00e1nak (febru\u00e1r, m\u00e1jus, augusztus, november) utols\u00f3 gy\u0171l\u00e9se.&nbsp; Ezen k\u00edv\u00fcl b\u00e1rmelyik gy\u0171l\u00e9s nyitott lehet el\u0151zetes egyeztet\u00e9s alapj\u00e1n.<\/p>\n","protected":false},"author":1,"featured_media":0,"parent":0,"menu_order":0,"comment_status":"closed","ping_status":"closed","template":"","meta":[],"_links":{"self":[{"href":"http:\/\/slaa.hu\/slaa-wp\/wp-json\/wp\/v2\/pages\/36"}],"collection":[{"href":"http:\/\/slaa.hu\/slaa-wp\/wp-json\/wp\/v2\/pages"}],"about":[{"href":"http:\/\/slaa.hu\/slaa-wp\/wp-json\/wp\/v2\/types\/page"}],"author":[{"embeddable":true,"href":"http:\/\/slaa.hu\/slaa-wp\/wp-json\/wp\/v2\/users\/1"}],"replies":[{"embeddable":true,"href":"http:\/\/slaa.hu\/slaa-wp\/wp-json\/wp\/v2\/comments?post=36"}],"version-history":[{"count":310,"href":"http:\/\/slaa.hu\/slaa-wp\/wp-json\/wp\/v2\/pages\/36\/revisions"}],"predecessor-version":[{"id":704,"href":"http:\/\/slaa.hu\/slaa-wp\/wp-json\/wp\/v2\/pages\/36\/revisions\/704"}],"wp:attachment":[{"href":"http:\/\/slaa.hu\/slaa-wp\/wp-json\/wp\/v2\/media?parent=36"}],"curies":[{"name":"wp","href":"https:\/\/api.w.org\/{rel}","templated":true}]}}