{"id":67,"date":"2019-10-20T11:40:39","date_gmt":"2019-10-20T11:40:39","guid":{"rendered":"http:\/\/slaa.hu\/slaa-wp\/?page_id=67"},"modified":"2022-03-03T14:00:25","modified_gmt":"2022-03-03T14:00:25","slug":"az-s-l-a-a-12-hagyomanya","status":"publish","type":"page","link":"http:\/\/slaa.hu\/slaa-wp\/az-s-l-a-a-12-hagyomanya\/","title":{"rendered":"Az SLAA 12 hagyom\u00e1nya"},"content":{"rendered":"\n<p>1. K\u00f6z\u00f6s boldogul\u00e1sunk \u00e1lljon az els\u0151 helyen, szem\u00e9lyes fel\u00e9p\u00fcl\u00e9s\u00fcnk az SLAA\u00a0egys\u00e9g\u00e9t\u0151l f\u00fcgg.<\/p>\n\n\n\n<p>2. Csoport\u00fcgyekben egyetlen abszol\u00fat tekint\u00e9ly l\u00e9tezik \u2013 egy szeret\u0151 Isten \u2013, aki csoporttudatunkban megnyilv\u00e1nulhat. Vezet\u0151ink csup\u00e1n bizalmunkat \u00e9lvez\u0151 szolg\u00e1lattev\u0151k, nem pedig ir\u00e1ny\u00edt\u00f3k.<\/p>\n\n\n\n<p>3. Az SLAA tags\u00e1g egyetlen felt\u00e9tele a v\u00e1gy a szex- \u00e9s szerelmi f\u00fcgg\u00e9s ki\u00e9l\u00e9s\u00e9nek abbahagy\u00e1s\u00e1ra. Ha k\u00e9t vagy t\u00f6bb ember az\u00e9rt j\u00f6n \u00f6ssze, hogy k\u00f6lcs\u00f6n\u00f6sen seg\u00edtsenek egym\u00e1snak fel\u00e9p\u00fclni a szex- \u00e9s szerelmi f\u00fcgg\u00e9sb\u0151l,\u00a0\u00a0akkor SLAA csoportnak nevezhetik magukat, hacsak mint csoportnak nincs m\u00e1s jelleg\u0171 k\u00f6t\u0151d\u00e9s\u00fck.<\/p>\n\n\n\n<p>4. Legyen minden csoport f\u00fcggetlen, kiv\u00e9ve azokat az \u00fcgyeket, amelyek m\u00e1s csoportokat, vagy az SLAA eg\u00e9sz\u00e9t \u00e9rintik.<\/p>\n\n\n\n<p>5. Minden csoport egyetlen, els\u0151dleges c\u00e9lja az, hogy eljuttassa \u00fczenet\u00e9t a m\u00e9g szenved\u0151 szex- \u00e9s szerelemf\u00fcgg\u0151kh\u00f6z.<\/p>\n\n\n\n<p>6. Egy SLAA csoport soha ne adja p\u00e9nz\u00e9t, nev\u00e9t vagy t\u00e1mogat\u00e1s\u00e1t semmilyen kapcsol\u00f3d\u00f3 int\u00e9zm\u00e9nynek vagy k\u00fcls\u0151 v\u00e1llalkoz\u00e1snak, nehogy a p\u00e9nzzel, tulajdonnal \u00e9s preszt\u00edzzsel kapcsolatos probl\u00e9m\u00e1k elt\u00e9r\u00edts\u00e9k els\u0151dleges c\u00e9lj\u00e1t\u00f3l.<\/p>\n\n\n\n<p>7. Minden SLAA csoport legyen teljesen \u00f6nfenntart\u00f3, h\u00e1r\u00edtsa el a k\u00fcls\u0151 hozz\u00e1j\u00e1rul\u00e1sokat.<\/p>\n\n\n\n<p>8. Az SLAA maradjon mindig\u00a0nemhivat\u00e1sos, b\u00e1r szolg\u00e1lati k\u00f6zpontjaink alkalmazhatnak hivat\u00e1sos szakembereket.<\/p>\n\n\n\n<p>9. Az SLAA maga soha ne szervez\u0151dj\u00e9k, de alak\u00edthatunk szolg\u00e1lati test\u00fcleteket vagy bizotts\u00e1gokat, amelyek k\u00f6zvetlen felel\u0151ss\u00e9ggel tartoznak azoknak, akiket szolg\u00e1lnak.<\/p>\n\n\n\n<p>10. Az\u00a0SLAA -nak\u00a0nincs v\u00e9lem\u00e9nye k\u00fcls\u0151 \u00fcgyekr\u0151l, ez\u00e9rt az SLAA neve soha ne legyen bevonhat\u00f3 nyilv\u00e1nos vit\u00e1ba.<\/p>\n\n\n\n<p>11. A\u00a0nyilv\u00e1noss\u00e1ghoz val\u00f3 viszonyunk alapja els\u0151sorban a vonzer\u0151, nem a rekl\u00e1m. Szem\u00e9lyes n\u00e9vtelens\u00e9g\u00fcnket mindig meg kell \u0151rizn\u00fcnk a sajt\u00f3ban, a r\u00e1di\u00f3ban \u00e9s a filmekben \u00e9s m\u00e1s nyilv\u00e1nos szerepl\u00e9sek sor\u00e1n. K\u00fcl\u00f6nleges \u00f3vatoss\u00e1ggal kell \u0151rizn\u00fcnk minden SLAA tagt\u00e1rsunk n\u00e9vtelens\u00e9g\u00e9t.<\/p>\n\n\n\n<p>12. Hagyom\u00e1nyaink spiritu\u00e1lis alapja, a n\u00e9vtelens\u00e9g, mindig eml\u00e9keztet benn\u00fcnket arra, hogy az elvek el\u0151bbre val\u00f3k az egyes szem\u00e9lyekn\u00e9l.<\/p>\n\n\n\n<p>Friss\u00edtve: 2007.06.17<\/p>\n","protected":false},"excerpt":{"rendered":"<p>1. K\u00f6z\u00f6s boldogul\u00e1sunk \u00e1lljon az els\u0151 helyen, szem\u00e9lyes fel\u00e9p\u00fcl\u00e9s\u00fcnk az SLAA\u00a0egys\u00e9g\u00e9t\u0151l f\u00fcgg. 2. Csoport\u00fcgyekben egyetlen abszol\u00fat tekint\u00e9ly l\u00e9tezik \u2013 egy szeret\u0151 Isten \u2013, aki csoporttudatunkban megnyilv\u00e1nulhat. Vezet\u0151ink csup\u00e1n bizalmunkat \u00e9lvez\u0151 szolg\u00e1lattev\u0151k, nem pedig ir\u00e1ny\u00edt\u00f3k. 3. Az SLAA tags\u00e1g egyetlen felt\u00e9tele a v\u00e1gy a szex- \u00e9s szerelmi f\u00fcgg\u00e9s ki\u00e9l\u00e9s\u00e9nek abbahagy\u00e1s\u00e1ra. Ha k\u00e9t vagy t\u00f6bb ember az\u00e9rt<\/p>\n","protected":false},"author":1,"featured_media":0,"parent":0,"menu_order":0,"comment_status":"closed","ping_status":"closed","template":"","meta":[],"_links":{"self":[{"href":"http:\/\/slaa.hu\/slaa-wp\/wp-json\/wp\/v2\/pages\/67"}],"collection":[{"href":"http:\/\/slaa.hu\/slaa-wp\/wp-json\/wp\/v2\/pages"}],"about":[{"href":"http:\/\/slaa.hu\/slaa-wp\/wp-json\/wp\/v2\/types\/page"}],"author":[{"embeddable":true,"href":"http:\/\/slaa.hu\/slaa-wp\/wp-json\/wp\/v2\/users\/1"}],"replies":[{"embeddable":true,"href":"http:\/\/slaa.hu\/slaa-wp\/wp-json\/wp\/v2\/comments?post=67"}],"version-history":[{"count":2,"href":"http:\/\/slaa.hu\/slaa-wp\/wp-json\/wp\/v2\/pages\/67\/revisions"}],"predecessor-version":[{"id":413,"href":"http:\/\/slaa.hu\/slaa-wp\/wp-json\/wp\/v2\/pages\/67\/revisions\/413"}],"wp:attachment":[{"href":"http:\/\/slaa.hu\/slaa-wp\/wp-json\/wp\/v2\/media?parent=67"}],"curies":[{"name":"wp","href":"https:\/\/api.w.org\/{rel}","templated":true}]}}