{"id":73,"date":"2019-10-20T11:43:48","date_gmt":"2019-10-20T11:43:48","guid":{"rendered":"http:\/\/slaa.hu\/slaa-wp\/?page_id=73"},"modified":"2022-03-03T14:07:42","modified_gmt":"2022-03-03T14:07:42","slug":"mi-a-szex-es-szerelmi-fuggoseg","status":"publish","type":"page","link":"http:\/\/slaa.hu\/slaa-wp\/mi-a-szex-es-szerelmi-fuggoseg\/","title":{"rendered":"Mi a szex- \u00e9s szerelmi f\u00fcgg\u0151s\u00e9g?"},"content":{"rendered":"\n<p>Mi, az SLAA tagjai, \u00fagy gondoljuk, hogy a szex- \u00e9s szerelmi f\u00fcgg\u0151s\u00e9g progressz\u00edv betegs\u00e9g, ami nem gy\u00f3gy\u00edthat\u00f3, de m\u00e1s betegs\u00e9gekhez hasonl\u00f3an meg\u00e1ll\u00edthat\u00f3. Sz\u00e1mos form\u00e1t \u00f6lthet, ilyenek lehetnek \u2013 (b\u00e1r nem kiz\u00e1r\u00f3lag ezek) a k\u00e9nyszeres szex-sz\u00fcks\u00e9glet, a sz\u00e9ls\u0151s\u00e9ges f\u00fcgg\u00e9s egy (vagy sok) embert\u0151l, \u00e9s\/vagy a romantik\u00e1val, a szerelmi \u00fcgyekkel vagy fant\u00e1zi\u00e1kkal val\u00f3 k\u00e9nyszeres foglalkoz\u00e1s. A szex- \u00e9s szerelmi f\u00fcgg\u0151s\u00e9g jelentheti a t\u00e1rsadalmi, szexu\u00e1lis vagy \u00e9rzelmi t\u00f6r\u0151d\u00e9s\/gondoskod\u00e1s ny\u00fajt\u00e1snak \u00e9s elfogad\u00e1s\u00e1nak k\u00e9nyszeres ker\u00fcl\u00e9s\u00e9t is. Az intimit\u00e1snak ezt a ker\u00fcl\u00e9s\u00e9t az\u00a0SLAA-ban\u00a0\u201eanorexia\u201d (koplal\u00e1s) n\u00e9ven ismerj\u00fck.<\/p>\n\n\n\n<p>\u00dagy tal\u00e1ltuk, hogy l\u00e9teznek olyan k\u00e9nyszeres \u00e9s megsz\u00e1llott k\u00e9sztet\u00e9sek, amelyek ment\u00e9n a kapcsolatok \u00e9s a szexu\u00e1lis tev\u00e9kenys\u00e9gek egyre rombol\u00f3bb\u00e1 v\u00e1lnak a munka, a csal\u00e1d \u00e9s az \u00f6nbecs\u00fcl\u00e9s vonatkoz\u00e1s\u00e1ban. Az ellen\u0151rizetlen szex- \u00e9s szerelemf\u00fcgg\u00e9s egyre rosszabbod\u00f3 k\u00f6vetkezm\u00e9nyekhez vezet.<\/p>\n\n\n\n<p>Az\u00a0SLAA-ban\u00a0megtanultuk elfogadni azt a t\u00e9nyt, hogy ez a\u00a0\u00a0mi f\u00fcgg\u0151s\u00e9g\u00fcnk, \u00e9s lemondtunk arr\u00f3l a t\u00e9vk\u00e9pzetr\u0151l, hogy puszt\u00e1n akarater\u0151vel sikeresen kontroll\u00e1lhatjuk. Szem\u00e9lyes tehetetlens\u00e9g\u00fcnk beismer\u00e9se r\u00e9v\u00e9n felhagyunk f\u00fcgg\u0151 viselked\u00e9sform\u00e1nkkal, egy n\u00e1lunk nagyobb Er\u0151 kez\u00e9be adjuk az ir\u00e1ny\u00edt\u00e1st, helyrehozzuk azokat a k\u00e1rokat, amelyeket m\u00e1soknak okoztunk, \u00e9s testileg, lelkileg, spiritu\u00e1lisan \u00e9s \u00e9rzelmileg rendbe hozzuk az \u00e9let\u00fcnket.<\/p>\n","protected":false},"excerpt":{"rendered":"<p>Mi, az SLAA tagjai, \u00fagy gondoljuk, hogy a szex- \u00e9s szerelmi f\u00fcgg\u0151s\u00e9g progressz\u00edv betegs\u00e9g, ami nem gy\u00f3gy\u00edthat\u00f3, de m\u00e1s betegs\u00e9gekhez hasonl\u00f3an meg\u00e1ll\u00edthat\u00f3. Sz\u00e1mos form\u00e1t \u00f6lthet, ilyenek lehetnek \u2013 (b\u00e1r nem kiz\u00e1r\u00f3lag ezek) a k\u00e9nyszeres szex-sz\u00fcks\u00e9glet, a sz\u00e9ls\u0151s\u00e9ges f\u00fcgg\u00e9s egy (vagy sok) embert\u0151l, \u00e9s\/vagy a romantik\u00e1val, a szerelmi \u00fcgyekkel vagy fant\u00e1zi\u00e1kkal val\u00f3 k\u00e9nyszeres foglalkoz\u00e1s. A szex-<\/p>\n","protected":false},"author":1,"featured_media":0,"parent":0,"menu_order":0,"comment_status":"closed","ping_status":"closed","template":"","meta":[],"_links":{"self":[{"href":"http:\/\/slaa.hu\/slaa-wp\/wp-json\/wp\/v2\/pages\/73"}],"collection":[{"href":"http:\/\/slaa.hu\/slaa-wp\/wp-json\/wp\/v2\/pages"}],"about":[{"href":"http:\/\/slaa.hu\/slaa-wp\/wp-json\/wp\/v2\/types\/page"}],"author":[{"embeddable":true,"href":"http:\/\/slaa.hu\/slaa-wp\/wp-json\/wp\/v2\/users\/1"}],"replies":[{"embeddable":true,"href":"http:\/\/slaa.hu\/slaa-wp\/wp-json\/wp\/v2\/comments?post=73"}],"version-history":[{"count":2,"href":"http:\/\/slaa.hu\/slaa-wp\/wp-json\/wp\/v2\/pages\/73\/revisions"}],"predecessor-version":[{"id":422,"href":"http:\/\/slaa.hu\/slaa-wp\/wp-json\/wp\/v2\/pages\/73\/revisions\/422"}],"wp:attachment":[{"href":"http:\/\/slaa.hu\/slaa-wp\/wp-json\/wp\/v2\/media?parent=73"}],"curies":[{"name":"wp","href":"https:\/\/api.w.org\/{rel}","templated":true}]}}