{"id":76,"date":"2019-10-20T11:44:12","date_gmt":"2019-10-20T11:44:12","guid":{"rendered":"http:\/\/slaa.hu\/slaa-wp\/?page_id=76"},"modified":"2019-10-20T11:44:12","modified_gmt":"2019-10-20T11:44:12","slug":"a-szex-es-szerelemfugges-jellemzoi","status":"publish","type":"page","link":"http:\/\/slaa.hu\/slaa-wp\/a-szex-es-szerelemfugges-jellemzoi\/","title":{"rendered":"A szex-, \u00e9s szerelemf\u00fcgg\u00e9s jellemz\u0151i"},"content":{"rendered":"\n<p>1. Mivel kev\u00e9s eg\u00e9szs\u00e9ges k\u00f6t\u0151d\u00e9s\u00fcnk van, szexu\u00e1lis kalandokba kevered\u00fcnk \u00e9s\/vagy \u00e9rzelmi viszonyba bonyol\u00f3dunk ismeretlenekkel.<\/p>\n\n\n\n<p>2. A&nbsp;mag\u00e1nyt\u00f3l \u00e9s az elhagyatotts\u00e1gt\u00f3l val\u00f3 f\u00e9lelem miatt f\u00e1jdalmas, rombol\u00f3 kapcsolatokat tartunk fenn, vagy minduntalan visszat\u00e9r\u00fcnk&nbsp;ezekbe&nbsp;a kapcsolatokba. F\u00fcgg\u0151s\u00e9g-ig\u00e9ny\u00fcnket \u00f6nmagunk \u00e9s m\u00e1sok el\u0151tt is titkoljuk, egyre jobban elszigetel\u0151d\u00fcnk \u00e9s elidegened\u00fcnk bar\u00e1tainkt\u00f3l, szeretteinkt\u0151l, \u00f6nmagunkt\u00f3l \u00e9s Istent\u0151l.<\/p>\n\n\n\n<p>3. Az \u00e9rzelmek \u00e9s a szex hi\u00e1ny\u00e1t\u00f3l val\u00f3 f\u00e9lelm\u00fcnkben k\u00e9nyszeresen keress\u00fck \u00e9s hajszoljuk egyik kapcsolatot a m\u00e1sik ut\u00e1n, olykor egyszerre t\u00f6bb szexu\u00e1lis \u00e9s \u00e9rzelmi kapcsolatunk is van.<\/p>\n\n\n\n<p>4. \u00d6sszekeverj\u00fck a szerelmet a k\u00edv\u00e1n\u00e1ssal, a testi \u00e9s szexu\u00e1lis vonz\u00f3d\u00e1ssal, a sajn\u00e1lattal, \u00e9s\/vagy azzal a v\u00e1gyunkkal, hogy valakit megments\u00fcnk, vagy \u0151 mentsen meg minket.<\/p>\n\n\n\n<p>5. \u00dcresnek \u00e9s \u201ef\u00e9l embernek\u201d \u00e9rezz\u00fck magunkat, ha egyed\u00fcl vagyunk. Annak ellen\u00e9re, hogy tartunk az intimit\u00e1st\u00f3l \u00e9s az elk\u00f6telez\u0151d\u00e9st\u0151l, folyamatosan keress\u00fck a t\u00e1rskapcsolatokat \u00e9s a szexu\u00e1lis kalandokat.<\/p>\n\n\n\n<p>6. Szexszel vezetj\u00fck le a stresszt, a b\u0171ntudatot, a mag\u00e1nyt, a haragot, a sz\u00e9gyent, a f\u00e9lelmet \u00e9s az irigys\u00e9get. A szexualit\u00e1st \u00e9s az \u00e9rzelmi f\u00fcgg\u0151s\u00e9get a gondoskod\u00e1s, a t\u00f6r\u0151d\u00e9s \u00e9s a t\u00e1mogat\u00e1s p\u00f3tl\u00e9kak\u00e9nt haszn\u00e1ljuk.<\/p>\n\n\n\n<p>7. A&nbsp;szexualit\u00e1st \u00e9s az \u00e9rzelmi k\u00f6t\u0151d\u00e9st m\u00e1sok manipul\u00e1l\u00e1s\u00e1ra \u00e9s kontroll\u00e1l\u00e1s\u00e1ra haszn\u00e1ljuk.<\/p>\n\n\n\n<p>8. Romantikus vagy szexu\u00e1lis megsz\u00e1llotts\u00e1gunk vagy fant\u00e1zi\u00e1l\u00e1sunk s\u00falyosan h\u00e1tr\u00e1ltat vagy cselekv\u00e9sk\u00e9ptelenn\u00e9 tesz benn\u00fcnket.<\/p>\n\n\n\n<p>9. Oly m\u00f3don ker\u00fclj\u00fck el az \u00f6nmagunk\u00e9rt val\u00f3 felel\u0151ss\u00e9gv\u00e1llal\u00e1st, hogy \u00e9rzelmileg m\u00e1r elk\u00f6telezett emberekhez vonz\u00f3dunk.<\/p>\n\n\n\n<p>10. Az \u00e9rzelmi f\u00fcgg\u0151s\u00e9g, a romantikus szerelmi viszonyok, vagy a k\u00e9nyszeres szexu\u00e1lis tev\u00e9kenys\u00e9gek h\u00e1l\u00f3j\u00e1ban verg\u0151d\u00fcnk.<\/p>\n\n\n\n<p>11. Annak \u00e9rdek\u00e9ben, hogy elker\u00fclj\u00fck a sebezhet\u0151s\u00e9g \u00e9rz\u00e9s\u00e9t, t\u00e1vol tartjuk magunkat minden intim viszonyt\u00f3l, \u00f6sszet\u00e9vesztj\u00fck a szexu\u00e1lis \u00e9s \u00e9rzelmi \u201eanorexi\u00e1t\u201d a fel\u00e9p\u00fcl\u00e9ssel.<\/p>\n\n\n\n<p>12. M\u00e1soknak var\u00e1zslatos k\u00e9pess\u00e9geket tulajdon\u00edtunk. El\u0151bb idealiz\u00e1ljuk \u00e9s \u00fcld\u00f6zz\u00fck \u0151ket, ut\u00f3bb szem\u00fckre h\u00e1nyjuk, hogy csalatkoznunk kellett vel\u00fck kapcsolatos elk\u00e9pzel\u00e9seinkben \u00e9s rem\u00e9nyeinkben.<\/p>\n\n\n\n<p>Friss\u00edtve: 2007.06.17<\/p>\n","protected":false},"excerpt":{"rendered":"<p>1. Mivel kev\u00e9s eg\u00e9szs\u00e9ges k\u00f6t\u0151d\u00e9s\u00fcnk van, szexu\u00e1lis kalandokba kevered\u00fcnk \u00e9s\/vagy \u00e9rzelmi viszonyba bonyol\u00f3dunk ismeretlenekkel. 2. A&nbsp;mag\u00e1nyt\u00f3l \u00e9s az elhagyatotts\u00e1gt\u00f3l val\u00f3 f\u00e9lelem miatt f\u00e1jdalmas, rombol\u00f3 kapcsolatokat tartunk fenn, vagy minduntalan visszat\u00e9r\u00fcnk&nbsp;ezekbe&nbsp;a kapcsolatokba. F\u00fcgg\u0151s\u00e9g-ig\u00e9ny\u00fcnket \u00f6nmagunk \u00e9s m\u00e1sok el\u0151tt is titkoljuk, egyre jobban elszigetel\u0151d\u00fcnk \u00e9s elidegened\u00fcnk bar\u00e1tainkt\u00f3l, szeretteinkt\u0151l, \u00f6nmagunkt\u00f3l \u00e9s Istent\u0151l. 3. Az \u00e9rzelmek \u00e9s a szex hi\u00e1ny\u00e1t\u00f3l<\/p>\n","protected":false},"author":1,"featured_media":0,"parent":0,"menu_order":0,"comment_status":"closed","ping_status":"closed","template":"","meta":[],"_links":{"self":[{"href":"http:\/\/slaa.hu\/slaa-wp\/wp-json\/wp\/v2\/pages\/76"}],"collection":[{"href":"http:\/\/slaa.hu\/slaa-wp\/wp-json\/wp\/v2\/pages"}],"about":[{"href":"http:\/\/slaa.hu\/slaa-wp\/wp-json\/wp\/v2\/types\/page"}],"author":[{"embeddable":true,"href":"http:\/\/slaa.hu\/slaa-wp\/wp-json\/wp\/v2\/users\/1"}],"replies":[{"embeddable":true,"href":"http:\/\/slaa.hu\/slaa-wp\/wp-json\/wp\/v2\/comments?post=76"}],"version-history":[{"count":1,"href":"http:\/\/slaa.hu\/slaa-wp\/wp-json\/wp\/v2\/pages\/76\/revisions"}],"predecessor-version":[{"id":77,"href":"http:\/\/slaa.hu\/slaa-wp\/wp-json\/wp\/v2\/pages\/76\/revisions\/77"}],"wp:attachment":[{"href":"http:\/\/slaa.hu\/slaa-wp\/wp-json\/wp\/v2\/media?parent=76"}],"curies":[{"name":"wp","href":"https:\/\/api.w.org\/{rel}","templated":true}]}}