{"id":79,"date":"2019-10-20T11:44:58","date_gmt":"2019-10-20T11:44:58","guid":{"rendered":"http:\/\/slaa.hu\/slaa-wp\/?page_id=79"},"modified":"2019-10-20T11:44:58","modified_gmt":"2019-10-20T11:44:58","slug":"40-kerdes-az-onvizsgalathoz","status":"publish","type":"page","link":"http:\/\/slaa.hu\/slaa-wp\/40-kerdes-az-onvizsgalathoz\/","title":{"rendered":"40 k\u00e9rd\u00e9s az \u00f6nvizsg\u00e1lathoz"},"content":{"rendered":"\n<p>Az al\u00e1bbi k\u00e9rd\u00e9sek arra szolg\u00e1lnak, hogy \u00fatmutat\u00e1st adjanak a szex- \u00e9s szerelemf\u00fcgg\u00e9s lehets\u00e9ges jeleinek felismer\u00e9s\u00e9ben. A k\u00e9rd\u00e9sekre adott igenl\u0151 v\u00e1laszok nem adnak t\u00f6k\u00e9letes diagn\u00f3zist, de a nemleges v\u00e1laszok sem bizony\u00edtj\u00e1k azt, hogy az adott szem\u00e9ly mentes a betegs\u00e9gt\u0151l. A szex- \u00e9s szerelemf\u00fcgg\u00e9s igen k\u00fcl\u00f6nb\u00f6z\u0151 m\u00f3dokon nyilv\u00e1nulhat meg az egyes szem\u00e9lyekn\u00e9l, \u00edgy nagyon k\u00fcl\u00f6nb\u00f6z\u0151 m\u00f3don lehet megk\u00f6zel\u00edteni \u00e9s felfogni&nbsp;ezeket&nbsp;a k\u00e9rd\u00e9seket is. Ennek ellen\u00e9re \u00fagy gondoljuk, hogy ezek a r\u00f6vid \u00e9s l\u00e9nyegre t\u00f6r\u0151 k\u00e9rd\u00e9sek hat\u00e1sosabb seg\u00edts\u00e9get ny\u00fajthatnak, mint a szex- \u00e9s szerelmi f\u00fcgg\u00e9sr\u0151l sz\u00f3l\u00f3 hosszas magyar\u00e1zatok. Tudjuk, hogy a szex- \u00e9s szerelmi f\u00fcgg\u00e9s diagnosztiz\u00e1l\u00e1sa igen komoly dolog, \u00e9s a legteljesebb m\u00e9rt\u00e9kben mag\u00e1n\u00fcgy. Rem\u00e9lj\u00fck, hogy az al\u00e1bbi k\u00e9rd\u00e9sek seg\u00edtenek ebben.<\/p>\n\n\n\n<p><a href=\"http:\/\/slaa.hu\/40kerdes.doc\" target=\"_blank\" rel=\"noreferrer noopener\">Let\u00f6lthet\u0151 v\u00e1ltozat<\/a><\/p>\n\n\n\n<p>1. Pr\u00f3b\u00e1ltad-e valaha szab\u00e1lyozni, hogy milyen gyakran szeretkezel, vagy hogy h\u00e1nyszor szeretn\u00e9l tal\u00e1lkozni valakivel?<\/p>\n\n\n\n<p>2. El\u0151fordult-e m\u00e1r, hogy k\u00e9ptelen volt\u00e1l nem tal\u00e1lkozni egy szem\u00e9llyel, holott tiszt\u00e1ban volt\u00e1l azzal, hogy az adott szem\u00e9llyel fenntartott kapcsolat k\u00e1ros a sz\u00e1modra?<\/p>\n\n\n\n<p>3. \u00dagy \u00e9rzed, hogy nem szeretn\u00e9d, ha b\u00e1rki tudom\u00e1st szerezne szexu\u00e1lis \u00e9leted vagy romantikus kapcsolataid jelleg\u00e9r\u0151l?<\/p>\n\n\n\n<p>4. \u201eM\u00f3dosult tudat\u00e1llapotba\u201d ker\u00fclsz-e a szext\u0151l \u00e9s\/vagy a romantik\u00e1t\u00f3l?<\/p>\n\n\n\n<p>5. Volt-e szexu\u00e1lis \u00e9lm\u00e9nyed alkalmatlan helyen, id\u0151ben \u00e9s\/vagy szem\u00e9llyel?<\/p>\n\n\n\n<p>6. Teszel-e magadnak \u00edg\u00e9reteket szexu\u00e1lis vagy romantikus viselked\u00e9seddel kapcsolatban, amikr\u0151l azt\u00e1n kider\u00fcl, hogy nem tartod be \u0151ket?<\/p>\n\n\n\n<p>7. Volt-e vagy van-e szexu\u00e1lis kapcsolatod olyasvalakivel, akivel nem akartad (akarod) ezt?<\/p>\n\n\n\n<p>8. \u00dagy gondolod-e, hogy a szex \u00e9s\/vagy egy kapcsolat elviselhet\u0151bb\u00e9 tenn\u00e9 az \u00e9letedet?<\/p>\n\n\n\n<p>9. Volt-e valaha olyan \u00e9rz\u00e9sed, hogy \u201emost&nbsp;musz\u00e1j valamilyen szexu\u00e1lis \u00e9lm\u00e9nyre szert tennem\u201d?<\/p>\n\n\n\n<p>10. Hiszel-e abban, hogy valaki k\u00e9pes t\u00e9ged \u201erendbe rakni\u201d?<\/p>\n\n\n\n<p>11. Van-e \u00edrott, vagy b\u00e1rmilyen m\u00e1s form\u00e1ban \u0151rz\u00f6tt list\u00e1d eddigi partnereidr\u0151l?<\/p>\n\n\n\n<p>12. \u00c9rezted m\u00e1r magad k\u00e9ts\u00e9gbeesettnek vagy nyugtalannak, amikor szexu\u00e1lis partnered t\u00e1vol volt t\u0151led?<\/p>\n\n\n\n<p>13. M\u00e1r nem is tudod pontosan h\u00e1ny szexu\u00e1lis partnered volt?<\/p>\n\n\n\n<p>14. Szokt\u00e1l-e k\u00e9ts\u00e9gbeesetten v\u00e1gyakozni szeret\u0151re, szexu\u00e1lis \u00e9lm\u00e9nyre, vagy egy leend\u0151&nbsp;partnerre ?<\/p>\n\n\n\n<p>15. Volt-e vagy van-e olyan szexu\u00e1lis kapcsolatod, amelyben nem vagy tekintettel az esetleges k\u00f6vetkezm\u00e9nyekre? (pl. lebuk\u00e1s lehet\u0151s\u00e9ge, herpesz, tripper, AIDS fert\u0151z\u00e9s vesz\u00e9lye, stb.)<\/p>\n\n\n\n<p>16. \u00dagy \u00e9rzed, hogy hajlamod van azonos t\u00edpus\u00fa rossz kapcsolatok ism\u00e9telt kialak\u00edt\u00e1s\u00e1ra?&nbsp;&nbsp;<\/p>\n\n\n\n<p>17. \u00c9rezted-e azt, hogy egy kapcsolatban sz\u00e1modra az egyetlen (vagy els\u0151dleges) \u00e9rt\u00e9k a szexu\u00e1lis teljes\u00edtm\u00e9ny \u00e9s\/vagy a lelki sz\u00fcks\u00e9gleteid kiel\u00e9g\u00edt\u00e9se?<\/p>\n\n\n\n<p>18. \u00c9rezted-e azt, hogy csak akkor teljes az \u00e9leted, ha szexu\u00e1lis vagy romantikus partnereddel vagy egy\u00fctt?<\/p>\n\n\n\n<p>19. \u00dagy \u00e9rzed, hogy neked \u201ej\u00e1r\u201d a szex?<\/p>\n\n\n\n<p>20. Olyan kapcsolatban \u00e9lsz, amit k\u00e9ptelen vagy abbahagyni?<\/p>\n\n\n\n<p>21. Vesz\u00e9lyeztetted-e valaha anyagi biztons\u00e1godat vagy t\u00e1rsadalmi poz\u00edci\u00f3dat szexu\u00e1lis partner miatt<\/p>\n\n\n\n<p>22. \u00dagy gondolod, hogy \u201eszerelmi \u00e9leted\u201d probl\u00e9m\u00e1i abb\u00f3l ad\u00f3dnak, hogy nem a megfelel\u0151 partnerrel \u00e9lsz?<\/p>\n\n\n\n<p>23. Volt-e vesz\u00e9lyben vagy romlott-e meg komoly kapcsolatod amiatt, hogy k\u00f6zben m\u00e1s partnerrel alak\u00edtott\u00e1l ki szexu\u00e1lis kapcsolatot?&nbsp;&nbsp;&nbsp;&nbsp;&nbsp;&nbsp;<\/p>\n\n\n\n<p>24. \u00c9rezted-e azt, hogy az \u00e9letnek semmi \u00e9rtelme szerelmi vagy szexu\u00e1lis kapcsolatok n\u00e9lk\u00fcl?<\/p>\n\n\n\n<p>25. Szokt\u00e1l-e komoly sz\u00e1nd\u00e9k n\u00e9lk\u00fcl fl\u00f6rt\u00f6lni, vagy szexu\u00e1lis j\u00e1t\u00e9kokba belemenni?<\/p>\n\n\n\n<p>26. Hat\u00e1ssal van-e szerelmi vagy romantikus viselked\u00e9sed a j\u00f3 h\u00edredre?<\/p>\n\n\n\n<p>27. Szeretkezel, vagy kezdem\u00e9nyezel-e szexu\u00e1lis kapcsolatot az\u00e9rt, hogy \u00edgy kezeld az \u00e9leted probl\u00e9m\u00e1it, vagy \u00e9pp ily m\u00f3don menek\u00fclj el azok el\u0151l?<\/p>\n\n\n\n<p>28. K\u00e9nyelmetlen\u00fcl \u00e9rzed-e magad az \u00f6nkiel\u00e9g\u00edt\u00e9ssel kapcsolatban annak gyakoris\u00e1ga, a fant\u00e1zi\u00e1l\u00e1s, a haszn\u00e1lt kell\u00e9kek, vagy a helysz\u00edn miatt?&nbsp;&nbsp;<\/p>\n\n\n\n<p>29. Szokt\u00e1l-e&nbsp;kukkolni&nbsp;vagy magadat mutogatni oly m\u00f3don, ami k\u00e9nyelmetlens\u00e9get okoz?<\/p>\n\n\n\n<p>30. Egyre t\u00f6bb \u00faj\u00edt\u00e1sra \u00e9s egyre nagyobb energi\u00e1ra van-e sz\u00fcks\u00e9ged szexu\u00e1lis \u00e9s romantikus viselked\u00e9sedben ahhoz, hogy a testi \u00e9s lelki kiel\u00e9g\u00fcl\u00e9s \u201eelfogadhat\u00f3\u201d szintj\u00e9t \u00e9rd el?<\/p>\n\n\n\n<p>31. Szexre vagy \u201eszerelemre\u201d van-e sz\u00fcks\u00e9ged ahhoz, hogy \u201eigazi f\u00e9rfinak\u201d vagy \u201eigazi n\u0151nek\u201d \u00e9rezd magad?<\/p>\n\n\n\n<p>32. \u00c9rezted-e azt, hogy szexu\u00e1lis vagy romantikus \u00e9leted pont annyira sikeres, mintha sz\u00e9llel szemben pisiln\u00e9l?<\/p>\n\n\n\n<p>33. Az\u00e9rt nem tudsz \u00e9leted m\u00e1s ter\u00fcletei koncentr\u00e1lni, mert gondolataid \u00e9s \u00e9rz\u00e9seid egy m\u00e1sik szem\u00e9ly vagy a szex k\u00f6r\u00fcl forognak?<\/p>\n\n\n\n<p>34. Gondolsz-e r\u00f6geszm\u00e9sen egy adott szem\u00e9lyre vagy szexu\u00e1lis \u00e9lm\u00e9nyre annak ellen\u00e9re, hogy ez f\u00e1jdalmat, s\u00f3v\u00e1rg\u00e1st vagy k\u00e9nyelmetlens\u00e9get okoz?<\/p>\n\n\n\n<p>35. V\u00e1gyt\u00e1l-e valaha arra, hogy szexu\u00e1lis \u00e9s romantikus viselked\u00e9sedet egy id\u0151re feladd, vagy kontroll\u00e1ld?<\/p>\n\n\n\n<p>36. B\u00e1rmit is teszel, egyre er\u0151sebb f\u00e1jdalmat \u00e9s el\u00e9gedetlens\u00e9get \u00e9rzel az \u00e9letedben?<\/p>\n\n\n\n<p>37. \u00dagy&nbsp;\u00e9rzed&nbsp;&nbsp;hi\u00e1nyzik bel\u0151led az&nbsp;&nbsp;emberi m\u00e9lt\u00f3s\u00e1g \u00e9s teljess\u00e9g?<\/p>\n\n\n\n<p>38. \u00dagy \u00e9rzed, hogy szexu\u00e1lis vagy romantikus viselked\u00e9sed negat\u00edv ir\u00e1nyba befoly\u00e1solja a spiritu\u00e1lis \u00e9letedet?<\/p>\n\n\n\n<p>39. \u00c9rezted-e azt, hogy az \u00e9leted ir\u00e1ny\u00edthatatlan t\u00falzott f\u00fcgg\u0151s\u00e9gi sz\u00fcks\u00e9gleted miatt?<\/p>\n\n\n\n<p>40. Felmer\u00fclt-e valaha benned, hogy t\u00f6bbet tudn\u00e1l kezdeni az \u00e9leteddel, ha nem a szexualit\u00e1s \u00e9s romantika ilyen megsz\u00e1llott keres\u00e9se hajtana?<\/p>\n\n\n\n<p>Friss\u00edtve: 2007.06.17<\/p>\n","protected":false},"excerpt":{"rendered":"<p>Az al\u00e1bbi k\u00e9rd\u00e9sek arra szolg\u00e1lnak, hogy \u00fatmutat\u00e1st adjanak a szex- \u00e9s szerelemf\u00fcgg\u00e9s lehets\u00e9ges jeleinek felismer\u00e9s\u00e9ben. A k\u00e9rd\u00e9sekre adott igenl\u0151 v\u00e1laszok nem adnak t\u00f6k\u00e9letes diagn\u00f3zist, de a nemleges v\u00e1laszok sem bizony\u00edtj\u00e1k azt, hogy az adott szem\u00e9ly mentes a betegs\u00e9gt\u0151l. A szex- \u00e9s szerelemf\u00fcgg\u00e9s igen k\u00fcl\u00f6nb\u00f6z\u0151 m\u00f3dokon nyilv\u00e1nulhat meg az egyes szem\u00e9lyekn\u00e9l, \u00edgy nagyon k\u00fcl\u00f6nb\u00f6z\u0151 m\u00f3don lehet<\/p>\n","protected":false},"author":1,"featured_media":0,"parent":0,"menu_order":0,"comment_status":"closed","ping_status":"closed","template":"","meta":[],"_links":{"self":[{"href":"http:\/\/slaa.hu\/slaa-wp\/wp-json\/wp\/v2\/pages\/79"}],"collection":[{"href":"http:\/\/slaa.hu\/slaa-wp\/wp-json\/wp\/v2\/pages"}],"about":[{"href":"http:\/\/slaa.hu\/slaa-wp\/wp-json\/wp\/v2\/types\/page"}],"author":[{"embeddable":true,"href":"http:\/\/slaa.hu\/slaa-wp\/wp-json\/wp\/v2\/users\/1"}],"replies":[{"embeddable":true,"href":"http:\/\/slaa.hu\/slaa-wp\/wp-json\/wp\/v2\/comments?post=79"}],"version-history":[{"count":1,"href":"http:\/\/slaa.hu\/slaa-wp\/wp-json\/wp\/v2\/pages\/79\/revisions"}],"predecessor-version":[{"id":80,"href":"http:\/\/slaa.hu\/slaa-wp\/wp-json\/wp\/v2\/pages\/79\/revisions\/80"}],"wp:attachment":[{"href":"http:\/\/slaa.hu\/slaa-wp\/wp-json\/wp\/v2\/media?parent=79"}],"curies":[{"name":"wp","href":"https:\/\/api.w.org\/{rel}","templated":true}]}}